{"id":136,"date":"2025-07-28T15:21:09","date_gmt":"2025-07-28T15:21:09","guid":{"rendered":"https:\/\/studiozautsen.nl\/?page_id=136"},"modified":"2026-03-08T17:40:26","modified_gmt":"2026-03-08T17:40:26","slug":"unieke-lichtobjecten","status":"publish","type":"page","link":"https:\/\/studiozautsen.nl\/index.php\/unieke-lichtobjecten\/","title":{"rendered":"Lichtobjecten"},"content":{"rendered":"\n<h1 class=\"gb-text gb-text-e834a360\">Unieke Lichtobjecten<\/h1>\n\n\n\n<h2 class=\"gb-text gb-text-e9eb957a\">Lampen met een Ziel<\/h2>\n\n\n\n<div class=\"gb-element-c7272d0d\">\n<p class=\"gb-text gb-text-fed46dce\">In het atelier ontstaan unieke lichtobjecten waarin materiaal, vorm en licht een directe relatie aangaan. Elk object ontstaat vanuit een onderzoek, zonder vast eindpunt. De lichtobjecten bewegen zich tussen kunst en object, tussen functionaliteit en verbeelding.<\/p>\n<\/div>\n\n\n\n<div>\n<div class=\"gb-element-ee748cdc\"><div class=\"wp-block-image\">\n<figure class=\"aligncenter is-resized\"><img loading=\"lazy\" decoding=\"async\" width=\"1181\" height=\"540\" src=\"https:\/\/studiozautsen.nl\/wp-content\/uploads\/2025\/08\/lichtobjecten-5.jpg\" alt=\"\" class=\"wp-image-438\" style=\"aspect-ratio:2.187071190281362;width:960px;height:auto\" srcset=\"https:\/\/studiozautsen.nl\/wp-content\/uploads\/2025\/08\/lichtobjecten-5.jpg 1181w, https:\/\/studiozautsen.nl\/wp-content\/uploads\/2025\/08\/lichtobjecten-5-300x137.jpg 300w, https:\/\/studiozautsen.nl\/wp-content\/uploads\/2025\/08\/lichtobjecten-5-1024x468.jpg 1024w, https:\/\/studiozautsen.nl\/wp-content\/uploads\/2025\/08\/lichtobjecten-5-768x351.jpg 768w\" sizes=\"auto, (max-width: 1181px) 100vw, 1181px\" \/><\/figure>\n<\/div><\/div>\n<\/div>\n\n\n\n<div><div class=\"wp-block-image\">\n<figure class=\"aligncenter is-resized\"><img loading=\"lazy\" decoding=\"async\" width=\"1181\" height=\"988\" src=\"https:\/\/studiozautsen.nl\/wp-content\/uploads\/2025\/08\/lichtobject-6.jpg\" alt=\"\" class=\"wp-image-436\" style=\"aspect-ratio:1.1953556377397436;width:942px;height:auto\" srcset=\"https:\/\/studiozautsen.nl\/wp-content\/uploads\/2025\/08\/lichtobject-6.jpg 1181w, https:\/\/studiozautsen.nl\/wp-content\/uploads\/2025\/08\/lichtobject-6-300x251.jpg 300w, https:\/\/studiozautsen.nl\/wp-content\/uploads\/2025\/08\/lichtobject-6-1024x857.jpg 1024w, https:\/\/studiozautsen.nl\/wp-content\/uploads\/2025\/08\/lichtobject-6-768x642.jpg 768w\" sizes=\"auto, (max-width: 1181px) 100vw, 1181px\" \/><\/figure>\n<\/div><\/div>\n\n\n\n<div class=\"gb-element-cb984182\">\n<p class=\"has-text-align-center\"><strong>Overbelicht<\/strong><\/p>\n<\/div>\n\n\n\n<div class=\"gb-element-608548a7\">\n<p class=\"gb-text gb-text-8b3d0ad4\">Nederland kent nauwelijks nog echte duisternis. We leven in een land waar licht nooit werkelijk dooft, waar permanente verlichting zo vanzelfsprekend is dat we het ontbreken ervan bijna niet meer kennen.<br><br>Tijdens mijn verblijf in Afrika werd ik juist geraakt door die afwezigheid van kunstlicht. De diepe, allesomvattende duisternis die na zonsondergang intrad, was voor mij een compleet nieuwe ervaring. Ik raakte gefascineerd door het speelse, bijna ademende samenspel van licht en schaduw dat ontstond rond een klein vuurtje, een olielamp of een enkel peertje. D\u00e1\u00e1r leerde ik de ware zeggingskracht van \u00e9\u00e9n enkele lichtbron kennen.<br><br>Die ervaring vormt nog altijd het hart van mijn werk. Niet de functionele lichtprestatie staat centraal in mijn unieke lichtobjecten, maar de po\u00ebtische sfeer die schaars licht kan oproepen.<\/p>\n<\/div>\n\n\n\n<div class=\"gb-element-da6b0798\"><div class=\"wp-block-image\">\n<figure class=\"aligncenter is-resized\"><img loading=\"lazy\" decoding=\"async\" width=\"1181\" height=\"711\" src=\"https:\/\/studiozautsen.nl\/wp-content\/uploads\/2025\/08\/lichtobject7.jpg\" alt=\"\" class=\"wp-image-437\" style=\"aspect-ratio:1.6610574624725116;width:848px;height:auto\" srcset=\"https:\/\/studiozautsen.nl\/wp-content\/uploads\/2025\/08\/lichtobject7.jpg 1181w, https:\/\/studiozautsen.nl\/wp-content\/uploads\/2025\/08\/lichtobject7-300x181.jpg 300w, https:\/\/studiozautsen.nl\/wp-content\/uploads\/2025\/08\/lichtobject7-1024x616.jpg 1024w, https:\/\/studiozautsen.nl\/wp-content\/uploads\/2025\/08\/lichtobject7-768x462.jpg 768w\" sizes=\"auto, (max-width: 1181px) 100vw, 1181px\" \/><\/figure>\n<\/div><\/div>\n\n\n\n<div class=\"gb-element-169597ba\"><div class=\"wp-block-image\">\n<figure class=\"aligncenter is-resized\"><img loading=\"lazy\" decoding=\"async\" width=\"2560\" height=\"1239\" src=\"https:\/\/studiozautsen.nl\/wp-content\/uploads\/2025\/09\/Nigeriaans-teken-en-takkenlamp-1-scaled.jpg\" alt=\"\" class=\"wp-image-647\" style=\"aspect-ratio:2.0662464319695526;width:924px;height:auto\" srcset=\"https:\/\/studiozautsen.nl\/wp-content\/uploads\/2025\/09\/Nigeriaans-teken-en-takkenlamp-1-scaled.jpg 2560w, https:\/\/studiozautsen.nl\/wp-content\/uploads\/2025\/09\/Nigeriaans-teken-en-takkenlamp-1-300x145.jpg 300w, https:\/\/studiozautsen.nl\/wp-content\/uploads\/2025\/09\/Nigeriaans-teken-en-takkenlamp-1-1024x496.jpg 1024w, https:\/\/studiozautsen.nl\/wp-content\/uploads\/2025\/09\/Nigeriaans-teken-en-takkenlamp-1-768x372.jpg 768w, https:\/\/studiozautsen.nl\/wp-content\/uploads\/2025\/09\/Nigeriaans-teken-en-takkenlamp-1-1536x743.jpg 1536w, https:\/\/studiozautsen.nl\/wp-content\/uploads\/2025\/09\/Nigeriaans-teken-en-takkenlamp-1-2048x991.jpg 2048w\" sizes=\"auto, (max-width: 2560px) 100vw, 2560px\" \/><\/figure>\n<\/div><\/div>\n\n\n\n<div class=\"gb-element-250a1801\"><div class=\"wp-block-image\">\n<figure class=\"aligncenter size-large is-resized\"><img loading=\"lazy\" decoding=\"async\" width=\"656\" height=\"1024\" src=\"https:\/\/studiozautsen.nl\/wp-content\/uploads\/2025\/09\/De-3-Wachters-1-656x1024.jpg\" alt=\"\" class=\"wp-image-648\" style=\"aspect-ratio:0.6402507343366745;object-fit:cover;width:442px;height:auto\" srcset=\"https:\/\/studiozautsen.nl\/wp-content\/uploads\/2025\/09\/De-3-Wachters-1-656x1024.jpg 656w, https:\/\/studiozautsen.nl\/wp-content\/uploads\/2025\/09\/De-3-Wachters-1-192x300.jpg 192w, https:\/\/studiozautsen.nl\/wp-content\/uploads\/2025\/09\/De-3-Wachters-1-768x1200.jpg 768w, https:\/\/studiozautsen.nl\/wp-content\/uploads\/2025\/09\/De-3-Wachters-1.jpg 945w\" sizes=\"auto, (max-width: 656px) 100vw, 656px\" \/><\/figure>\n<\/div><\/div>\n\n\n\n<div class=\"gb-element-74ff476c\">\n<figure class=\"wp-block-image size-full\"><img loading=\"lazy\" decoding=\"async\" width=\"456\" height=\"492\" src=\"https:\/\/studiozautsen.nl\/wp-content\/uploads\/2026\/01\/kubussen-in-kleur.jpg\" alt=\"\" class=\"wp-image-1865\" srcset=\"https:\/\/studiozautsen.nl\/wp-content\/uploads\/2026\/01\/kubussen-in-kleur.jpg 456w, https:\/\/studiozautsen.nl\/wp-content\/uploads\/2026\/01\/kubussen-in-kleur-278x300.jpg 278w\" sizes=\"auto, (max-width: 456px) 100vw, 456px\" \/><\/figure>\n<\/div>\n","protected":false},"excerpt":{"rendered":"<p>Unieke Lichtobjecten Lampen met een Ziel In het atelier ontstaan unieke lichtobjecten waarin materiaal, vorm en licht een directe relatie aangaan. Elk object ontstaat vanuit een onderzoek, zonder vast eindpunt. De lichtobjecten bewegen zich tussen kunst en object, tussen functionaliteit en verbeelding. Overbelicht Nederland kent nauwelijks nog echte duisternis. We leven in een land waar &#8230; <a title=\"Lichtobjecten\" class=\"read-more\" href=\"https:\/\/studiozautsen.nl\/index.php\/unieke-lichtobjecten\/\" aria-label=\"Lees meer over Lichtobjecten\">Lees meer<\/a><\/p>\n","protected":false},"author":1,"featured_media":0,"parent":0,"menu_order":0,"comment_status":"closed","ping_status":"closed","template":"","meta":{"footnotes":""},"class_list":["post-136","page","type-page","status-publish"],"yoast_head":"<!-- This site is optimized with the Yoast SEO plugin v27.4 - https:\/\/yoast.com\/product\/yoast-seo-wordpress\/ -->\n<title>Unieke Lichtobjecten | Studio Zautsen<\/title>\n<meta name=\"description\" content=\"Unieke lichtobjecten - Lampen met een ziel. Handgemaakt in eigen atelier in kleine oplage.\" \/>\n<meta name=\"robots\" content=\"index, follow, max-snippet:-1, max-image-preview:large, max-video-preview:-1\" \/>\n<link rel=\"canonical\" href=\"https:\/\/studiozautsen.nl\/index.php\/unieke-lichtobjecten\/\" \/>\n<meta property=\"og:locale\" content=\"nl_NL\" \/>\n<meta property=\"og:type\" content=\"article\" \/>\n<meta property=\"og:title\" content=\"Unieke Lichtobjecten | Studio Zautsen\" \/>\n<meta property=\"og:description\" content=\"Unieke lichtobjecten - Lampen met een ziel. Handgemaakt in eigen atelier in kleine oplage.\" \/>\n<meta property=\"og:url\" content=\"https:\/\/studiozautsen.nl\/index.php\/unieke-lichtobjecten\/\" \/>\n<meta property=\"og:site_name\" content=\"studioZautsen\" \/>\n<meta property=\"article:publisher\" content=\"https:\/\/www.facebook.com\/studiozautsen\" \/>\n<meta property=\"article:modified_time\" content=\"2026-03-08T17:40:26+00:00\" \/>\n<meta property=\"og:image\" content=\"https:\/\/studiozautsen.nl\/wp-content\/uploads\/2025\/08\/lichtobjecten-5.jpg\" \/>\n\t<meta property=\"og:image:width\" content=\"1181\" \/>\n\t<meta property=\"og:image:height\" content=\"540\" \/>\n\t<meta property=\"og:image:type\" content=\"image\/jpeg\" \/>\n<meta name=\"twitter:card\" content=\"summary_large_image\" \/>\n<meta name=\"twitter:label1\" content=\"Geschatte leestijd\" \/>\n\t<meta name=\"twitter:data1\" content=\"3 minuten\" \/>\n<script type=\"application\/ld+json\" class=\"yoast-schema-graph\">{\"@context\":\"https:\\\/\\\/schema.org\",\"@graph\":[{\"@type\":\"WebPage\",\"@id\":\"https:\\\/\\\/studiozautsen.nl\\\/index.php\\\/unieke-lichtobjecten\\\/\",\"url\":\"https:\\\/\\\/studiozautsen.nl\\\/index.php\\\/unieke-lichtobjecten\\\/\",\"name\":\"Unieke Lichtobjecten | Studio Zautsen\",\"isPartOf\":{\"@id\":\"https:\\\/\\\/studiozautsen.nl\\\/#website\"},\"primaryImageOfPage\":{\"@id\":\"https:\\\/\\\/studiozautsen.nl\\\/index.php\\\/unieke-lichtobjecten\\\/#primaryimage\"},\"image\":{\"@id\":\"https:\\\/\\\/studiozautsen.nl\\\/index.php\\\/unieke-lichtobjecten\\\/#primaryimage\"},\"thumbnailUrl\":\"https:\\\/\\\/studiozautsen.nl\\\/wp-content\\\/uploads\\\/2025\\\/08\\\/lichtobjecten-5.jpg\",\"datePublished\":\"2025-07-28T15:21:09+00:00\",\"dateModified\":\"2026-03-08T17:40:26+00:00\",\"description\":\"Unieke lichtobjecten - Lampen met een ziel. Handgemaakt in eigen atelier in kleine oplage.\",\"breadcrumb\":{\"@id\":\"https:\\\/\\\/studiozautsen.nl\\\/index.php\\\/unieke-lichtobjecten\\\/#breadcrumb\"},\"inLanguage\":\"nl-NL\",\"potentialAction\":[{\"@type\":\"ReadAction\",\"target\":[\"https:\\\/\\\/studiozautsen.nl\\\/index.php\\\/unieke-lichtobjecten\\\/\"]}]},{\"@type\":\"ImageObject\",\"inLanguage\":\"nl-NL\",\"@id\":\"https:\\\/\\\/studiozautsen.nl\\\/index.php\\\/unieke-lichtobjecten\\\/#primaryimage\",\"url\":\"https:\\\/\\\/studiozautsen.nl\\\/wp-content\\\/uploads\\\/2025\\\/08\\\/lichtobjecten-5.jpg\",\"contentUrl\":\"https:\\\/\\\/studiozautsen.nl\\\/wp-content\\\/uploads\\\/2025\\\/08\\\/lichtobjecten-5.jpg\",\"width\":1181,\"height\":540,\"caption\":\"\u00f8;\"},{\"@type\":\"BreadcrumbList\",\"@id\":\"https:\\\/\\\/studiozautsen.nl\\\/index.php\\\/unieke-lichtobjecten\\\/#breadcrumb\",\"itemListElement\":[{\"@type\":\"ListItem\",\"position\":1,\"name\":\"Home\",\"item\":\"https:\\\/\\\/studiozautsen.nl\\\/\"},{\"@type\":\"ListItem\",\"position\":2,\"name\":\"Lichtobjecten\"}]},{\"@type\":\"WebSite\",\"@id\":\"https:\\\/\\\/studiozautsen.nl\\\/#website\",\"url\":\"https:\\\/\\\/studiozautsen.nl\\\/\",\"name\":\"studioZautsen\",\"description\":\"waar creativiteit, natuur en aandacht samenkomen\",\"publisher\":{\"@id\":\"https:\\\/\\\/studiozautsen.nl\\\/#organization\"},\"potentialAction\":[{\"@type\":\"SearchAction\",\"target\":{\"@type\":\"EntryPoint\",\"urlTemplate\":\"https:\\\/\\\/studiozautsen.nl\\\/?s={search_term_string}\"},\"query-input\":{\"@type\":\"PropertyValueSpecification\",\"valueRequired\":true,\"valueName\":\"search_term_string\"}}],\"inLanguage\":\"nl-NL\"},{\"@type\":\"Organization\",\"@id\":\"https:\\\/\\\/studiozautsen.nl\\\/#organization\",\"name\":\"studioZautsen\",\"url\":\"https:\\\/\\\/studiozautsen.nl\\\/\",\"logo\":{\"@type\":\"ImageObject\",\"inLanguage\":\"nl-NL\",\"@id\":\"https:\\\/\\\/studiozautsen.nl\\\/#\\\/schema\\\/logo\\\/image\\\/\",\"url\":\"https:\\\/\\\/studiozautsen.nl\\\/wp-content\\\/uploads\\\/2026\\\/01\\\/cropped-logo-meer-wit-en-quote-met-2-randen.jpg\",\"contentUrl\":\"https:\\\/\\\/studiozautsen.nl\\\/wp-content\\\/uploads\\\/2026\\\/01\\\/cropped-logo-meer-wit-en-quote-met-2-randen.jpg\",\"width\":1181,\"height\":260,\"caption\":\"studioZautsen\"},\"image\":{\"@id\":\"https:\\\/\\\/studiozautsen.nl\\\/#\\\/schema\\\/logo\\\/image\\\/\"},\"sameAs\":[\"https:\\\/\\\/www.facebook.com\\\/studiozautsen\",\"https:\\\/\\\/www.instagram.com\\\/grasshoppercaravan\",\"https:\\\/\\\/www.instagram.com\\\/studiozautsen\"]}]}<\/script>\n<!-- \/ Yoast SEO plugin. -->","yoast_head_json":{"title":"Unieke Lichtobjecten | Studio Zautsen","description":"Unieke lichtobjecten - Lampen met een ziel. Handgemaakt in eigen atelier in kleine oplage.","robots":{"index":"index","follow":"follow","max-snippet":"max-snippet:-1","max-image-preview":"max-image-preview:large","max-video-preview":"max-video-preview:-1"},"canonical":"https:\/\/studiozautsen.nl\/index.php\/unieke-lichtobjecten\/","og_locale":"nl_NL","og_type":"article","og_title":"Unieke Lichtobjecten | Studio Zautsen","og_description":"Unieke lichtobjecten - Lampen met een ziel. Handgemaakt in eigen atelier in kleine oplage.","og_url":"https:\/\/studiozautsen.nl\/index.php\/unieke-lichtobjecten\/","og_site_name":"studioZautsen","article_publisher":"https:\/\/www.facebook.com\/studiozautsen","article_modified_time":"2026-03-08T17:40:26+00:00","og_image":[{"width":1181,"height":540,"url":"https:\/\/studiozautsen.nl\/wp-content\/uploads\/2025\/08\/lichtobjecten-5.jpg","type":"image\/jpeg"}],"twitter_card":"summary_large_image","twitter_misc":{"Geschatte leestijd":"3 minuten"},"schema":{"@context":"https:\/\/schema.org","@graph":[{"@type":"WebPage","@id":"https:\/\/studiozautsen.nl\/index.php\/unieke-lichtobjecten\/","url":"https:\/\/studiozautsen.nl\/index.php\/unieke-lichtobjecten\/","name":"Unieke Lichtobjecten | Studio Zautsen","isPartOf":{"@id":"https:\/\/studiozautsen.nl\/#website"},"primaryImageOfPage":{"@id":"https:\/\/studiozautsen.nl\/index.php\/unieke-lichtobjecten\/#primaryimage"},"image":{"@id":"https:\/\/studiozautsen.nl\/index.php\/unieke-lichtobjecten\/#primaryimage"},"thumbnailUrl":"https:\/\/studiozautsen.nl\/wp-content\/uploads\/2025\/08\/lichtobjecten-5.jpg","datePublished":"2025-07-28T15:21:09+00:00","dateModified":"2026-03-08T17:40:26+00:00","description":"Unieke lichtobjecten - Lampen met een ziel. Handgemaakt in eigen atelier in kleine oplage.","breadcrumb":{"@id":"https:\/\/studiozautsen.nl\/index.php\/unieke-lichtobjecten\/#breadcrumb"},"inLanguage":"nl-NL","potentialAction":[{"@type":"ReadAction","target":["https:\/\/studiozautsen.nl\/index.php\/unieke-lichtobjecten\/"]}]},{"@type":"ImageObject","inLanguage":"nl-NL","@id":"https:\/\/studiozautsen.nl\/index.php\/unieke-lichtobjecten\/#primaryimage","url":"https:\/\/studiozautsen.nl\/wp-content\/uploads\/2025\/08\/lichtobjecten-5.jpg","contentUrl":"https:\/\/studiozautsen.nl\/wp-content\/uploads\/2025\/08\/lichtobjecten-5.jpg","width":1181,"height":540,"caption":"\u00f8;"},{"@type":"BreadcrumbList","@id":"https:\/\/studiozautsen.nl\/index.php\/unieke-lichtobjecten\/#breadcrumb","itemListElement":[{"@type":"ListItem","position":1,"name":"Home","item":"https:\/\/studiozautsen.nl\/"},{"@type":"ListItem","position":2,"name":"Lichtobjecten"}]},{"@type":"WebSite","@id":"https:\/\/studiozautsen.nl\/#website","url":"https:\/\/studiozautsen.nl\/","name":"studioZautsen","description":"waar creativiteit, natuur en aandacht samenkomen","publisher":{"@id":"https:\/\/studiozautsen.nl\/#organization"},"potentialAction":[{"@type":"SearchAction","target":{"@type":"EntryPoint","urlTemplate":"https:\/\/studiozautsen.nl\/?s={search_term_string}"},"query-input":{"@type":"PropertyValueSpecification","valueRequired":true,"valueName":"search_term_string"}}],"inLanguage":"nl-NL"},{"@type":"Organization","@id":"https:\/\/studiozautsen.nl\/#organization","name":"studioZautsen","url":"https:\/\/studiozautsen.nl\/","logo":{"@type":"ImageObject","inLanguage":"nl-NL","@id":"https:\/\/studiozautsen.nl\/#\/schema\/logo\/image\/","url":"https:\/\/studiozautsen.nl\/wp-content\/uploads\/2026\/01\/cropped-logo-meer-wit-en-quote-met-2-randen.jpg","contentUrl":"https:\/\/studiozautsen.nl\/wp-content\/uploads\/2026\/01\/cropped-logo-meer-wit-en-quote-met-2-randen.jpg","width":1181,"height":260,"caption":"studioZautsen"},"image":{"@id":"https:\/\/studiozautsen.nl\/#\/schema\/logo\/image\/"},"sameAs":["https:\/\/www.facebook.com\/studiozautsen","https:\/\/www.instagram.com\/grasshoppercaravan","https:\/\/www.instagram.com\/studiozautsen"]}]}},"_links":{"self":[{"href":"https:\/\/studiozautsen.nl\/index.php\/wp-json\/wp\/v2\/pages\/136","targetHints":{"allow":["GET"]}}],"collection":[{"href":"https:\/\/studiozautsen.nl\/index.php\/wp-json\/wp\/v2\/pages"}],"about":[{"href":"https:\/\/studiozautsen.nl\/index.php\/wp-json\/wp\/v2\/types\/page"}],"author":[{"embeddable":true,"href":"https:\/\/studiozautsen.nl\/index.php\/wp-json\/wp\/v2\/users\/1"}],"replies":[{"embeddable":true,"href":"https:\/\/studiozautsen.nl\/index.php\/wp-json\/wp\/v2\/comments?post=136"}],"version-history":[{"count":101,"href":"https:\/\/studiozautsen.nl\/index.php\/wp-json\/wp\/v2\/pages\/136\/revisions"}],"predecessor-version":[{"id":2457,"href":"https:\/\/studiozautsen.nl\/index.php\/wp-json\/wp\/v2\/pages\/136\/revisions\/2457"}],"wp:attachment":[{"href":"https:\/\/studiozautsen.nl\/index.php\/wp-json\/wp\/v2\/media?parent=136"}],"curies":[{"name":"wp","href":"https:\/\/api.w.org\/{rel}","templated":true}]}}